{"id":631,"date":"2025-09-18T19:11:17","date_gmt":"2025-09-18T19:11:17","guid":{"rendered":"https:\/\/continentalpearls.be\/site\/?page_id=631"},"modified":"2025-10-20T12:46:05","modified_gmt":"2025-10-20T12:46:05","slug":"akoya-parels","status":"publish","type":"page","link":"https:\/\/www.continentalpearls.be\/site\/akoya-parels\/","title":{"rendered":"Akoya parels"},"content":{"rendered":"\n<!-- default-view.php -->\n<div\n\tclass=\"ngg-galleryoverview default-view \"\n\tid=\"ngg-gallery-df2a64f44c6e1b1027cf374578ea8f68-1\">\n\n\t\t<!-- Thumbnails -->\n\t\t\t\t<div id=\"ngg-image-0\" class=\"ngg-gallery-thumbnail-box \" >\n\t\t\t\t        <div class=\"ngg-gallery-thumbnail\">\n            <a href=\"https:\/\/www.continentalpearls.be\/site\/wp-content\/gallery\/akoya-parels\/AKOYA-G-DSC_0003.jpg\"\n               title=\"\"\n               data-src=\"https:\/\/www.continentalpearls.be\/site\/wp-content\/gallery\/akoya-parels\/AKOYA-G-DSC_0003.jpg\"\n               data-thumbnail=\"https:\/\/www.continentalpearls.be\/site\/wp-content\/gallery\/akoya-parels\/thumbs\/thumbs_AKOYA-G-DSC_0003.jpg\"\n               data-image-id=\"162\"\n               data-title=\"AKOYA-G-DSC_0003\"\n               data-description=\"\"\n               data-image-slug=\"akoya-g-dsc_0003\"\n               class=\"ngg-simplelightbox\" rel=\"df2a64f44c6e1b1027cf374578ea8f68\">\n                <img\n                    title=\"AKOYA-G-DSC_0003\"\n                    alt=\"AKOYA-G-DSC_0003\"\n                    src=\"https:\/\/www.continentalpearls.be\/site\/wp-content\/gallery\/akoya-parels\/thumbs\/thumbs_AKOYA-G-DSC_0003.jpg\"\n                    width=\"240\"\n                    height=\"160\"\n                    style=\"max-width:100%;\"\n                \/>\n            <\/a>\n        <\/div>\n\t\t\t\t\t\t\t<\/div> \n\t\t\t\n\t\t\t\t<div id=\"ngg-image-1\" class=\"ngg-gallery-thumbnail-box \" >\n\t\t\t\t        <div class=\"ngg-gallery-thumbnail\">\n            <a href=\"https:\/\/www.continentalpearls.be\/site\/wp-content\/gallery\/akoya-parels\/AKOYA-G-DSC_0007.jpg\"\n               title=\"\"\n               data-src=\"https:\/\/www.continentalpearls.be\/site\/wp-content\/gallery\/akoya-parels\/AKOYA-G-DSC_0007.jpg\"\n               data-thumbnail=\"https:\/\/www.continentalpearls.be\/site\/wp-content\/gallery\/akoya-parels\/thumbs\/thumbs_AKOYA-G-DSC_0007.jpg\"\n               data-image-id=\"164\"\n               data-title=\"AKOYA-G-DSC_0007\"\n               data-description=\"\"\n               data-image-slug=\"akoya-g-dsc_0007\"\n               class=\"ngg-simplelightbox\" rel=\"df2a64f44c6e1b1027cf374578ea8f68\">\n                <img\n                    title=\"AKOYA-G-DSC_0007\"\n                    alt=\"AKOYA-G-DSC_0007\"\n                    src=\"https:\/\/www.continentalpearls.be\/site\/wp-content\/gallery\/akoya-parels\/thumbs\/thumbs_AKOYA-G-DSC_0007.jpg\"\n                    width=\"240\"\n                    height=\"160\"\n                    style=\"max-width:100%;\"\n                \/>\n            <\/a>\n        <\/div>\n\t\t\t\t\t\t\t<\/div> \n\t\t\t\n\t\t\t\t<div id=\"ngg-image-2\" class=\"ngg-gallery-thumbnail-box \" >\n\t\t\t\t        <div class=\"ngg-gallery-thumbnail\">\n            <a href=\"https:\/\/www.continentalpearls.be\/site\/wp-content\/gallery\/akoya-parels\/SCHELP-AKOYA-F-DSC_0074.jpg\"\n               title=\"\"\n               data-src=\"https:\/\/www.continentalpearls.be\/site\/wp-content\/gallery\/akoya-parels\/SCHELP-AKOYA-F-DSC_0074.jpg\"\n               data-thumbnail=\"https:\/\/www.continentalpearls.be\/site\/wp-content\/gallery\/akoya-parels\/thumbs\/thumbs_SCHELP-AKOYA-F-DSC_0074.jpg\"\n               data-image-id=\"161\"\n               data-title=\"SCHELP-AKOYA-F-DSC_0074\"\n               data-description=\"\"\n               data-image-slug=\"schelp-akoya-f-dsc_0074\"\n               class=\"ngg-simplelightbox\" rel=\"df2a64f44c6e1b1027cf374578ea8f68\">\n                <img\n                    title=\"SCHELP-AKOYA-F-DSC_0074\"\n                    alt=\"SCHELP-AKOYA-F-DSC_0074\"\n                    src=\"https:\/\/www.continentalpearls.be\/site\/wp-content\/gallery\/akoya-parels\/thumbs\/thumbs_SCHELP-AKOYA-F-DSC_0074.jpg\"\n                    width=\"240\"\n                    height=\"160\"\n                    style=\"max-width:100%;\"\n                \/>\n            <\/a>\n        <\/div>\n\t\t\t\t\t\t\t<\/div> \n\t\t\t\n\t\t\t\t<div id=\"ngg-image-3\" class=\"ngg-gallery-thumbnail-box \" >\n\t\t\t\t        <div class=\"ngg-gallery-thumbnail\">\n            <a href=\"https:\/\/www.continentalpearls.be\/site\/wp-content\/gallery\/akoya-parels\/SCHELP-AKOYA-F-DSC_0071.jpg\"\n               title=\"\"\n               data-src=\"https:\/\/www.continentalpearls.be\/site\/wp-content\/gallery\/akoya-parels\/SCHELP-AKOYA-F-DSC_0071.jpg\"\n               data-thumbnail=\"https:\/\/www.continentalpearls.be\/site\/wp-content\/gallery\/akoya-parels\/thumbs\/thumbs_SCHELP-AKOYA-F-DSC_0071.jpg\"\n               data-image-id=\"163\"\n               data-title=\"SCHELP-AKOYA-F-DSC_0071\"\n               data-description=\"\"\n               data-image-slug=\"schelp-akoya-f-dsc_0071\"\n               class=\"ngg-simplelightbox\" rel=\"df2a64f44c6e1b1027cf374578ea8f68\">\n                <img\n                    title=\"SCHELP-AKOYA-F-DSC_0071\"\n                    alt=\"SCHELP-AKOYA-F-DSC_0071\"\n                    src=\"https:\/\/www.continentalpearls.be\/site\/wp-content\/gallery\/akoya-parels\/thumbs\/thumbs_SCHELP-AKOYA-F-DSC_0071.jpg\"\n                    width=\"240\"\n                    height=\"160\"\n                    style=\"max-width:100%;\"\n                \/>\n            <\/a>\n        <\/div>\n\t\t\t\t\t\t\t<\/div> \n\t\t\t\n\t\n\t<br style=\"clear: both\" \/>\n\n\t\n\t\t<!-- Pagination -->\n\t<div class='ngg-clear'><\/div>\t<\/div>\n\n\n\n\n<p>Dit zijn de meest traditionele parels. Zij worden gekweekt uit de Pinctada Fucata of Akoya-pearl oyster in Japan. De meeste parels zijn rond of baroque. De kleur vari\u00ebert in het gamma van wit, zilverwit, wit-ros\u00e9, cr\u00e8me tot lichtgrijs.<\/p>\n\n\n\n<p><\/p>\n","protected":false},"excerpt":{"rendered":"<p>Dit zijn de meest traditionele parels. Zij worden gekweekt uit de Pinctada Fucata of Akoya-pearl oyster in Japan. De meeste parels zijn rond of baroque. De kleur vari\u00ebert in het gamma van wit, zilverwit, wit-ros\u00e9, cr\u00e8me tot lichtgrijs.<\/p>\n","protected":false},"author":1,"featured_media":0,"parent":0,"menu_order":0,"comment_status":"closed","ping_status":"closed","template":"","meta":{"ngg_post_thumbnail":0,"footnotes":""},"class_list":["post-631","page","type-page","status-publish","hentry"],"_links":{"self":[{"href":"https:\/\/www.continentalpearls.be\/site\/wp-json\/wp\/v2\/pages\/631","targetHints":{"allow":["GET"]}}],"collection":[{"href":"https:\/\/www.continentalpearls.be\/site\/wp-json\/wp\/v2\/pages"}],"about":[{"href":"https:\/\/www.continentalpearls.be\/site\/wp-json\/wp\/v2\/types\/page"}],"author":[{"embeddable":true,"href":"https:\/\/www.continentalpearls.be\/site\/wp-json\/wp\/v2\/users\/1"}],"replies":[{"embeddable":true,"href":"https:\/\/www.continentalpearls.be\/site\/wp-json\/wp\/v2\/comments?post=631"}],"version-history":[{"count":5,"href":"https:\/\/www.continentalpearls.be\/site\/wp-json\/wp\/v2\/pages\/631\/revisions"}],"predecessor-version":[{"id":797,"href":"https:\/\/www.continentalpearls.be\/site\/wp-json\/wp\/v2\/pages\/631\/revisions\/797"}],"wp:attachment":[{"href":"https:\/\/www.continentalpearls.be\/site\/wp-json\/wp\/v2\/media?parent=631"}],"curies":[{"name":"wp","href":"https:\/\/api.w.org\/{rel}","templated":true}]}}